{"id":584,"date":"2021-08-17T11:58:39","date_gmt":"2021-08-17T09:58:39","guid":{"rendered":"http:\/\/www.lopar149.eu\/?page_id=584"},"modified":"2021-08-17T12:05:33","modified_gmt":"2021-08-17T10:05:33","slug":"arrival","status":"publish","type":"page","link":"https:\/\/www.lopar149.eu\/hu\/arrival\/","title":{"rendered":"\u00c9rkez\u00e9s"},"content":{"rendered":"<p><strong>C\u00edm:\u00a0<\/strong><\/p>\n<p>Lopar 149<br \/>\n51281 Lopar, otok Rab<br \/>\nHrvatska, Croatia<\/p>\n<p>GoogleMaps:\u00a0<a href=\"https:\/\/goo.gl\/maps\/kPTdWZa6gXNF44dK8\" target=\"_blank\">https:\/\/goo.gl\/maps\/kPTdWZa6gXNF44dK8<\/a><\/p>\n<p><strong>Komp<\/strong><\/p>\n<p><strong>(Valbiska -&gt; Lopar)\u00a0 Id\u0151tartama: ~80 min<\/strong><\/p>\n<p><a href=\"https:\/\/agencija-zolpp.hr\/wp-content\/uploads\/2019\/04\/338-Lopar-Valbiska_compressed.pdf\" target=\"_blank\">https:\/\/agencija-zolpp.hr\/wp-content\/uploads\/2019\/04\/338-Lopar-Valbiska_compressed.pdf<\/a><\/p>\n<p><strong>(Stinica -&gt;\u00a0Mi\u0161njak (Rab))\u00a0 Id\u0151tartama: ~15 min<\/strong><\/p>\n<p><a href=\"https:\/\/www.rapska-plovidba.hr\/plovni_en.html\" target=\"_blank\">https:\/\/www.rapska-plovidba.hr\/plovni_en.html<\/a><\/p>\n","protected":false},"excerpt":{"rendered":"<p>C\u00edm:\u00a0 Lopar 149 51281 Lopar, otok Rab Hrvatska, Croatia GoogleMaps:\u00a0https:\/\/goo.gl\/maps\/kPTdWZa6gXNF44dK8 Komp (Valbiska -&gt; Lopar)\u00a0 Id\u0151tartama: ~80 min https:\/\/agencija-zolpp.hr\/wp-content\/uploads\/2019\/04\/338-Lopar-Valbiska_compressed.pdf (Stinica -&gt;\u00a0Mi\u0161njak (Rab))\u00a0 Id\u0151tartama: ~15 min https:\/\/www.rapska-plovidba.hr\/plovni_en.html<\/p>\n","protected":false},"author":1,"featured_media":0,"parent":0,"menu_order":0,"comment_status":"closed","ping_status":"closed","template":"","meta":[],"translation":{"provider":"WPGlobus","version":"2.12.2","language":"hu","enabled_languages":["en","de","hu","hr"],"languages":{"en":{"title":true,"content":true,"excerpt":false},"de":{"title":true,"content":true,"excerpt":false},"hu":{"title":true,"content":true,"excerpt":false},"hr":{"title":true,"content":true,"excerpt":false}}},"_links":{"self":[{"href":"https:\/\/www.lopar149.eu\/hu\/wp-json\/wp\/v2\/pages\/584"}],"collection":[{"href":"https:\/\/www.lopar149.eu\/hu\/wp-json\/wp\/v2\/pages"}],"about":[{"href":"https:\/\/www.lopar149.eu\/hu\/wp-json\/wp\/v2\/types\/page"}],"author":[{"embeddable":true,"href":"https:\/\/www.lopar149.eu\/hu\/wp-json\/wp\/v2\/users\/1"}],"replies":[{"embeddable":true,"href":"https:\/\/www.lopar149.eu\/hu\/wp-json\/wp\/v2\/comments?post=584"}],"version-history":[{"count":9,"href":"https:\/\/www.lopar149.eu\/hu\/wp-json\/wp\/v2\/pages\/584\/revisions"}],"predecessor-version":[{"id":589,"href":"https:\/\/www.lopar149.eu\/hu\/wp-json\/wp\/v2\/pages\/584\/revisions\/589"}],"wp:attachment":[{"href":"https:\/\/www.lopar149.eu\/hu\/wp-json\/wp\/v2\/media?parent=584"}],"curies":[{"name":"wp","href":"https:\/\/api.w.org\/{rel}","templated":true}]}}